{"id":161,"date":"2020-12-11T07:04:11","date_gmt":"2020-12-11T07:04:11","guid":{"rendered":"https:\/\/gaviaspreview.com\/wp\/funden\/?post_type=footer&#038;p=161"},"modified":"2025-03-25T17:59:51","modified_gmt":"2025-03-25T17:59:51","slug":"projects","status":"publish","type":"page","link":"https:\/\/electronique-ludique.fr\/index.php\/projects\/","title":{"rendered":"Ateliers"},"content":{"rendered":"\t\t<div data-elementor-type=\"wp-post\" data-elementor-id=\"161\" class=\"elementor elementor-161\">\n\t\t\t\t\t\t\t\t\t<section class=\"elementor-section elementor-top-section elementor-element elementor-element-af721b3 elementor-section-boxed elementor-section-height-default elementor-section-height-default\" data-id=\"af721b3\" data-element_type=\"section\">\n\t\t\t\t\t\t<div class=\"elementor-container elementor-column-gap-default\">\n\t\t\t\t\t<div class=\"elementor-column elementor-col-100 elementor-top-column elementor-element elementor-element-fe367e7\" data-id=\"fe367e7\" data-element_type=\"column\">\n\t\t\t<div class=\"elementor-widget-wrap elementor-element-populated\">\n\t\t\t\t\t\t\t\t<section class=\"elementor-section elementor-inner-section elementor-element elementor-element-c9a97fc elementor-section-boxed elementor-section-height-default elementor-section-height-default\" data-id=\"c9a97fc\" data-element_type=\"section\">\n\t\t\t\t\t\t<div class=\"elementor-container elementor-column-gap-default\">\n\t\t\t\t\t<div class=\"elementor-column elementor-col-100 elementor-inner-column elementor-element elementor-element-981f5f5\" data-id=\"981f5f5\" data-element_type=\"column\">\n\t\t\t<div class=\"elementor-widget-wrap elementor-element-populated\">\n\t\t\t\t\t\t\t\t<div class=\"elementor-element elementor-element-bb1dabd elementor-widget elementor-widget-gva-heading-block\" data-id=\"bb1dabd\" data-element_type=\"widget\" data-widget_type=\"gva-heading-block.default\">\n\t\t\t\t<div class=\"elementor-widget-container\">\n\t\t\t<div class=\"gva-element-gva-heading-block gva-element\">   <div class=\"align-left style-1 widget gsc-heading box-align-left auto-responsive\">\r\n      <div class=\"content-inner\">\r\n         \r\n         \r\n                     <div class=\"sub-title\">\r\n               <span class=\"tagline\">ATELIERS<\/span>\r\n                                 <span class=\"shadow-text\">Ateliers<\/span>\r\n                  \r\n            <\/div>\r\n           \r\n         \r\n                  \r\n         \r\n      <\/div>\r\n   <\/div>\r\n<\/div>\t\t<\/div>\n\t\t\t\t<\/div>\n\t\t\t\t<div class=\"elementor-element elementor-element-abdbcf0 elementor-widget elementor-widget-text-editor\" data-id=\"abdbcf0\" data-element_type=\"widget\" data-widget_type=\"text-editor.default\">\n\t\t\t\t<div class=\"elementor-widget-container\">\n\t\t\t<style>\/*! elementor - v3.7.0 - 08-08-2022 *\/\n.elementor-widget-text-editor.elementor-drop-cap-view-stacked .elementor-drop-cap{background-color:#818a91;color:#fff}.elementor-widget-text-editor.elementor-drop-cap-view-framed .elementor-drop-cap{color:#818a91;border:3px solid;background-color:transparent}.elementor-widget-text-editor:not(.elementor-drop-cap-view-default) .elementor-drop-cap{margin-top:8px}.elementor-widget-text-editor:not(.elementor-drop-cap-view-default) .elementor-drop-cap-letter{width:1em;height:1em}.elementor-widget-text-editor .elementor-drop-cap{float:left;text-align:center;line-height:1;font-size:50px}.elementor-widget-text-editor .elementor-drop-cap-letter{display:inline-block}<\/style>\t\t\t\t<h5>Voici une presentation des ateliers dedi\u00e9es aux enfants pour qu&#8217;ils puissent voir comment cela va se passer lors d&#8217;un atelier<\/h5>\t\t\t\t\t\t<\/div>\n\t\t\t\t<\/div>\n\t\t\t\t\t<\/div>\n\t\t<\/div>\n\t\t\t\t\t\t\t<\/div>\n\t\t<\/section>\n\t\t\t\t\t<\/div>\n\t\t<\/div>\n\t\t\t\t\t\t\t<\/div>\n\t\t<\/section>\n\t\t\t\t<section class=\"elementor-section elementor-top-section elementor-element elementor-element-460b4f1 elementor-section-boxed elementor-section-height-default elementor-section-height-default\" data-id=\"460b4f1\" data-element_type=\"section\">\n\t\t\t\t\t\t<div class=\"elementor-container elementor-column-gap-default\">\n\t\t\t\t\t<div class=\"elementor-column elementor-col-50 elementor-top-column elementor-element elementor-element-cfdfa74\" data-id=\"cfdfa74\" data-element_type=\"column\">\n\t\t\t<div class=\"elementor-widget-wrap elementor-element-populated\">\n\t\t\t\t\t\t\t\t<div class=\"elementor-element elementor-element-92e6711 elementor-aspect-ratio-169 elementor-widget elementor-widget-video\" data-id=\"92e6711\" data-element_type=\"widget\" data-settings=\"{&quot;video_type&quot;:&quot;hosted&quot;,&quot;controls&quot;:&quot;yes&quot;,&quot;aspect_ratio&quot;:&quot;169&quot;}\" data-widget_type=\"video.default\">\n\t\t\t\t<div class=\"elementor-widget-container\">\n\t\t\t<style>\/*! elementor - v3.7.0 - 08-08-2022 *\/\n.elementor-widget-video .elementor-widget-container{overflow:hidden;-webkit-transform:translateZ(0);transform:translateZ(0)}.elementor-widget-video .elementor-open-inline .elementor-custom-embed-image-overlay{position:absolute;top:0;left:0;width:100%;height:100%;background-size:cover;background-position:50%}.elementor-widget-video .elementor-custom-embed-image-overlay{cursor:pointer;text-align:center}.elementor-widget-video .elementor-custom-embed-image-overlay:hover .elementor-custom-embed-play i{opacity:1}.elementor-widget-video .elementor-custom-embed-image-overlay img{display:block;width:100%}.elementor-widget-video .e-hosted-video .elementor-video{-o-object-fit:cover;object-fit:cover}.e-container>.elementor-widget-video{width:var(--container-widget-width,100%)}<\/style>\t\t<div class=\"e-hosted-video elementor-wrapper elementor-fit-aspect-ratio elementor-open-inline\">\n\t\t\t\t\t<video class=\"elementor-video\" src=\"https:\/\/electronique-ludique.fr\/wp-content\/uploads\/2022\/08\/Pitch_Atelier-electroniqueV2.mp4\" controls=\"\" controlsList=\"nodownload\"><\/video>\n\t\t\t\t<\/div>\n\t\t\t\t<\/div>\n\t\t\t\t<\/div>\n\t\t\t\t\t<\/div>\n\t\t<\/div>\n\t\t\t\t<div class=\"elementor-column elementor-col-50 elementor-top-column elementor-element elementor-element-38ca88b\" data-id=\"38ca88b\" data-element_type=\"column\">\n\t\t\t<div class=\"elementor-widget-wrap\">\n\t\t\t\t\t\t\t\t\t<\/div>\n\t\t<\/div>\n\t\t\t\t\t\t\t<\/div>\n\t\t<\/section>\n\t\t\t\t<section class=\"elementor-section elementor-top-section elementor-element elementor-element-4de11f5 elementor-section-boxed elementor-section-height-default elementor-section-height-default\" data-id=\"4de11f5\" data-element_type=\"section\" data-settings=\"{&quot;background_background&quot;:&quot;classic&quot;}\">\n\t\t\t\t\t\t<div class=\"elementor-container elementor-column-gap-default\">\n\t\t\t\t\t<div class=\"elementor-column elementor-col-100 elementor-top-column elementor-element elementor-element-e9a56a1\" data-id=\"e9a56a1\" data-element_type=\"column\">\n\t\t\t<div class=\"elementor-widget-wrap elementor-element-populated\">\n\t\t\t\t\t\t\t\t<div class=\"elementor-element elementor-element-6263330 elementor-widget elementor-widget-text-editor\" data-id=\"6263330\" data-element_type=\"widget\" data-widget_type=\"text-editor.default\">\n\t\t\t\t<div class=\"elementor-widget-container\">\n\t\t\t\t\t\t\t<h5>Le format et le deroulement sont decrits dans le tableau ci-dessous<\/h5>\t\t\t\t\t\t<\/div>\n\t\t\t\t<\/div>\n\t\t\t\t<div class=\"elementor-element elementor-element-2bf6cb3 elementor-widget elementor-widget-text-editor\" data-id=\"2bf6cb3\" data-element_type=\"widget\" data-widget_type=\"text-editor.default\">\n\t\t\t\t<div class=\"elementor-widget-container\">\n\t\t\t\t\t\t\t<table style=\"width: 843pt;\" border=\"0\" width=\"1124\" cellspacing=\"0\" cellpadding=\"0\"><tbody><tr><td style=\"padding: 11.25pt;\" valign=\"top\"><p style=\"line-height: normal; mso-outline-level: 6; mso-hyphenate: auto; text-autospace: ideograph-numeric ideograph-other; margin: 11.25pt 0cm 11.25pt 0cm;\"><u><span style=\"font-size: 12pt; font-family: 'Open Sans', sans-serif; color: black; background-image: initial; background-position: initial; background-size: initial; background-repeat: initial; background-attachment: initial; background-origin: initial; background-clip: initial;\">Format<\/span><\/u><u><\/u><\/p><p style=\"margin-bottom: 0cm; line-height: normal; mso-hyphenate: auto;\"><span style=\"font-size: 12pt; font-family: 'Open Sans', sans-serif; color: black; background-image: initial; background-position: initial; background-size: initial; background-repeat: initial; background-attachment: initial; background-origin: initial; background-clip: initial;\">Ateliers d\u2019une heure<br \/><\/span><\/p><\/td><td style=\"padding: 11.25pt;\" valign=\"top\"><h6 style=\"margin: 11.25pt 0cm; background-image: initial; background-position: initial; background-size: initial; background-repeat: initial; background-attachment: initial; background-origin: initial; background-clip: initial;\"><u><span style=\"font-size: 12pt; font-family: 'Open Sans', sans-serif; color: black; background-image: initial; background-position: initial; background-size: initial; background-repeat: initial; background-attachment: initial; background-origin: initial; background-clip: initial; font-weight: normal;\">D\u00e9roulement<\/span><\/u><u><\/u><\/h6><h6 style=\"margin-bottom: 11.25pt; font-family: var(--funden-heading-font-family);\">\u00a0<\/h6><h6 style=\"margin: 11.25pt 0cm; background-image: initial; background-position: initial; background-size: initial; background-repeat: initial; background-attachment: initial; background-origin: initial; background-clip: initial;\"><span style=\"font-size: 12pt; font-family: 'Open Sans', sans-serif; color: black; background-image: initial; background-position: initial; background-size: initial; background-repeat: initial; background-attachment: initial; background-origin: initial; background-clip: initial; font-weight: normal;\">\u2013 Nous commen\u00e7ons par un \u00e9pisode d\u2019une<br \/>histoire<br \/>\u2013 Suivi par un r\u00e9sum\u00e9 : carte mentale ou quiz<br \/>\u2013 Je propose aux enfants un jeu cr\u00e9atif sur le th\u00e8me \u00e9tudi\u00e9<br \/>\u2013 Les derniers 15 minutes sont de la manipulation encadr\u00e9 du mat\u00e9riel<br \/>\u00e9lectronique<br \/>Les enfants repartent avec des jeux \u00e0 faire \u00e0 la maison et je vous envoi par<br \/>mail des vid\u00e9os dans le th\u00e8me, pour prolonger les\u00a0<\/span><span style=\"font-weight: normal;\">apprentissages a<br \/>la maison<br \/>La plus part des ateliers sont dans cette formule<\/span><\/h6><\/td><\/tr><tr><td style=\"padding: 11.25pt;\" valign=\"top\"><h6 style=\"margin-bottom: 11.25pt; font-family: var(--funden-heading-font-family);\"><span style=\"color: #000000; font-family: 'Open Sans', sans-serif; font-weight: 400;\">Ateliers de 2,5 heures<\/span><\/h6><\/td><td style=\"padding: 11.25pt;\" valign=\"top\"><h6 style=\"margin: 11.25pt 0cm; background-image: initial; background-position: initial; background-size: initial; background-repeat: initial; background-attachment: initial; background-origin: initial; background-clip: initial;\"><span style=\"font-size: 12pt; font-family: 'Open Sans', sans-serif; color: black; background-image: initial; background-position: initial; background-size: initial; background-repeat: initial; background-attachment: initial; background-origin: initial; background-clip: initial; font-weight: normal;\">\u2013 Nous allons faire une r\u00e9alisation pratique : un jeu ou un\u00a0robot.\u00a0<\/span><\/h6><h6 style=\"margin: 11.25pt 0cm; background-image: initial; background-position: initial; background-size: initial; background-repeat: initial; background-attachment: initial; background-origin: initial; background-clip: initial;\"><span style=\"font-size: 12pt; font-family: 'Open Sans', sans-serif; color: black; background-image: initial; background-position: initial; background-size: initial; background-repeat: initial; background-attachment: initial; background-origin: initial; background-clip: initial; font-weight: normal;\">Nous avons r\u00e9alis\u00e9<\/span> <span style=\"font-weight: normal;\">au mois de Juin 2022 un jeu Dr. Maboul que les\u00a0enfants\u00a0ont\u00a0<\/span><\/h6><h6 style=\"margin: 11.25pt 0cm; background-image: initial; background-position: initial; background-size: initial; background-repeat: initial; background-attachment: initial; background-origin: initial; background-clip: initial;\"><span style=\"font-weight: normal;\">apport\u00e9\u00a0<\/span>\u00e0 la maison<\/h6><\/td><\/tr><\/tbody><\/table>\t\t\t\t\t\t<\/div>\n\t\t\t\t<\/div>\n\t\t\t\t\t<\/div>\n\t\t<\/div>\n\t\t\t\t\t\t\t<\/div>\n\t\t<\/section>\n\t\t\t\t<section class=\"elementor-section elementor-top-section elementor-element elementor-element-485a267 elementor-section-boxed elementor-section-height-default elementor-section-height-default\" data-id=\"485a267\" data-element_type=\"section\">\n\t\t\t\t\t\t<div class=\"elementor-container elementor-column-gap-default\">\n\t\t\t\t\t<div class=\"elementor-column elementor-col-100 elementor-top-column elementor-element elementor-element-54bcac8\" data-id=\"54bcac8\" data-element_type=\"column\">\n\t\t\t<div class=\"elementor-widget-wrap elementor-element-populated\">\n\t\t\t\t\t\t\t\t<div class=\"elementor-element elementor-element-30d1cbf elementor-widget elementor-widget-text-editor\" data-id=\"30d1cbf\" data-element_type=\"widget\" data-widget_type=\"text-editor.default\">\n\t\t\t\t<div class=\"elementor-widget-container\">\n\t\t\t\t\t\t\t<p style=\"margin-bottom: 0cm; line-height: normal; background-image: initial; background-position: initial; background-size: initial; background-repeat: initial; background-attachment: initial; background-origin: initial; background-clip: initial;\"><span style=\"color: black; font-size: 12pt; font-family: var(--funden-font-sans-serif);\">J&#8217;ai aussi fait des interventions dans des \u00e9coles de Chatou et ses environs, si vous souhaitez avoir plus de details cela serai un plaisir d&#8217;en discuter.<br \/><br \/><\/span><\/p><p style=\"margin-bottom: 0cm; line-height: normal; background-image: initial; background-position: initial; background-size: initial; background-repeat: initial; background-attachment: initial; background-origin: initial; background-clip: initial;\"><span style=\"color: black; font-size: 12pt; font-family: var(--funden-font-sans-serif);\">Des ateliers pourront avoir lieu <\/span><b style=\"color: black; font-size: 12pt; font-family: var(--funden-font-sans-serif);\">aussi \u00e0 l&#8217;Eau vive<\/b><span style=\"color: black; font-size: 12pt; font-family: var(--funden-font-sans-serif);\"> avant la fin de l&#8217;ann\u00e9e, n&#8217;h\u00e9sites pas a revenir nous visiter r\u00e9guli\u00e8rement.\u00a0<\/span><\/p><p style=\"margin-bottom: 0cm; line-height: normal; background-image: initial; background-position: initial; background-size: initial; background-repeat: initial; background-attachment: initial; background-origin: initial; background-clip: initial;\"><span style=\"color: black; font-size: 12pt; font-family: var(--funden-font-sans-serif);\">\u00a0<\/span><\/p><p style=\"margin-bottom: 0cm; line-height: normal; background-image: initial; background-position: initial; background-size: initial; background-repeat: initial; background-attachment: initial; background-origin: initial; background-clip: initial;\"><span style=\"color: black; font-size: 12pt; font-family: var(--funden-font-sans-serif);\">Enfin, j&#8217;interviens souvent dans les \u00e9v\u00e8nements organis\u00e9s par l&#8217;association catovienne des 10 jours pour voir autrement, dont voici le site web:\u00a0<\/span><span style=\"color: #000000;\">https:\/\/10jourspourvoirautrement.org\/ .<\/span><\/p>\t\t\t\t\t\t<\/div>\n\t\t\t\t<\/div>\n\t\t\t\t\t<\/div>\n\t\t<\/div>\n\t\t\t\t\t\t\t<\/div>\n\t\t<\/section>\n\t\t\t\t\t\t\t<\/div>\n\t\t","protected":false},"excerpt":{"rendered":"<p>ATELIERS Ateliers Voici une presentation des ateliers dedi\u00e9es aux enfants pour qu&#8217;ils puissent voir comment cela va se passer lors d&#8217;un atelier https:\/\/electronique-ludique.fr\/wp-content\/uploads\/2022\/08\/Pitch_Atelier-electroniqueV2.mp4 Le format et le deroulement sont decrits [&hellip;]<\/p>\n","protected":false},"author":1,"featured_media":0,"parent":0,"menu_order":0,"comment_status":"closed","ping_status":"closed","template":"","meta":{"om_disable_all_campaigns":false},"_links":{"self":[{"href":"https:\/\/electronique-ludique.fr\/index.php\/wp-json\/wp\/v2\/pages\/161"}],"collection":[{"href":"https:\/\/electronique-ludique.fr\/index.php\/wp-json\/wp\/v2\/pages"}],"about":[{"href":"https:\/\/electronique-ludique.fr\/index.php\/wp-json\/wp\/v2\/types\/page"}],"author":[{"embeddable":true,"href":"https:\/\/electronique-ludique.fr\/index.php\/wp-json\/wp\/v2\/users\/1"}],"replies":[{"embeddable":true,"href":"https:\/\/electronique-ludique.fr\/index.php\/wp-json\/wp\/v2\/comments?post=161"}],"version-history":[{"count":35,"href":"https:\/\/electronique-ludique.fr\/index.php\/wp-json\/wp\/v2\/pages\/161\/revisions"}],"predecessor-version":[{"id":1638,"href":"https:\/\/electronique-ludique.fr\/index.php\/wp-json\/wp\/v2\/pages\/161\/revisions\/1638"}],"wp:attachment":[{"href":"https:\/\/electronique-ludique.fr\/index.php\/wp-json\/wp\/v2\/media?parent=161"}],"curies":[{"name":"wp","href":"https:\/\/api.w.org\/{rel}","templated":true}]}}