{"id":605,"date":"2021-04-03T02:40:12","date_gmt":"2021-04-03T02:40:12","guid":{"rendered":"https:\/\/gaviaspreview.com\/wp\/funden\/donor-dashboard-3\/"},"modified":"2023-09-15T13:06:20","modified_gmt":"2023-09-15T13:06:20","slug":"portfolio-page","status":"publish","type":"page","link":"https:\/\/electronique-ludique.fr\/","title":{"rendered":"Qui suis-je?"},"content":{"rendered":"\t\t<div data-elementor-type=\"wp-page\" data-elementor-id=\"605\" class=\"elementor elementor-605\">\n\t\t\t\t\t\t\t\t\t<section class=\"elementor-section elementor-top-section elementor-element elementor-element-6a1fe75 elementor-section-full_width elementor-section-height-default elementor-section-height-default\" data-id=\"6a1fe75\" data-element_type=\"section\">\n\t\t\t\t\t\t<div class=\"elementor-container elementor-column-gap-default\">\n\t\t\t\t\t<div class=\"elementor-column elementor-col-100 elementor-top-column elementor-element elementor-element-ec8f888\" data-id=\"ec8f888\" data-element_type=\"column\">\n\t\t\t<div class=\"elementor-widget-wrap\">\n\t\t\t\t\t\t\t\t\t<\/div>\n\t\t<\/div>\n\t\t\t\t\t\t\t<\/div>\n\t\t<\/section>\n\t\t\t\t<section class=\"elementor-section elementor-top-section elementor-element elementor-element-48db42d elementor-section-boxed elementor-section-height-default elementor-section-height-default\" data-id=\"48db42d\" data-element_type=\"section\">\n\t\t\t\t\t\t<div class=\"elementor-container elementor-column-gap-default\">\n\t\t\t\t\t<div class=\"elementor-column elementor-col-100 elementor-top-column elementor-element elementor-element-061d9fe\" data-id=\"061d9fe\" data-element_type=\"column\">\n\t\t\t<div class=\"elementor-widget-wrap elementor-element-populated\">\n\t\t\t\t\t\t\t\t<div class=\"elementor-element elementor-element-3b92290 elementor-widget elementor-widget-gva-heading-block\" data-id=\"3b92290\" data-element_type=\"widget\" data-widget_type=\"gva-heading-block.default\">\n\t\t\t\t<div class=\"elementor-widget-container\">\n\t\t\t<div class=\"gva-element-gva-heading-block gva-element\">   <div class=\"align-left style-1 widget gsc-heading box-align-left auto-responsive\">\r\n      <div class=\"content-inner\">\r\n         \r\n         \r\n                     <div class=\"sub-title\">\r\n               <span class=\"tagline\">Qui suis-je?<\/span>\r\n                                 <span class=\"shadow-text\">Qui suis-je?<\/span>\r\n                  \r\n            <\/div>\r\n           \r\n         \r\n                  \r\n         \r\n      <\/div>\r\n   <\/div>\r\n<\/div>\t\t<\/div>\n\t\t\t\t<\/div>\n\t\t\t\t<div class=\"elementor-element elementor-element-f85c80b elementor-widget elementor-widget-text-editor\" data-id=\"f85c80b\" data-element_type=\"widget\" data-widget_type=\"text-editor.default\">\n\t\t\t\t<div class=\"elementor-widget-container\">\n\t\t\t<style>\/*! elementor - v3.7.0 - 08-08-2022 *\/\n.elementor-widget-text-editor.elementor-drop-cap-view-stacked .elementor-drop-cap{background-color:#818a91;color:#fff}.elementor-widget-text-editor.elementor-drop-cap-view-framed .elementor-drop-cap{color:#818a91;border:3px solid;background-color:transparent}.elementor-widget-text-editor:not(.elementor-drop-cap-view-default) .elementor-drop-cap{margin-top:8px}.elementor-widget-text-editor:not(.elementor-drop-cap-view-default) .elementor-drop-cap-letter{width:1em;height:1em}.elementor-widget-text-editor .elementor-drop-cap{float:left;text-align:center;line-height:1;font-size:50px}.elementor-widget-text-editor .elementor-drop-cap-letter{display:inline-block}<\/style>\t\t\t\t<h4 class=\"MsoNormal\"><span style=\"font-family: 'Lora',serif; mso-fareast-font-family: 'Lora'; mso-ansi-language: FR; mso-fareast-language: EN-GB;\">\u201d Tu me dis, j\u2019oublie. Tu m\u2019enseignes, je me souviens. Tu m\u2019impliques, j\u2019apprends\u201d disait Benjamin Franklin<\/span><\/h4>\n<p class=\"MsoNormal\"><span style=\"font-family: 'Lora',serif; mso-fareast-font-family: 'Times New Roman'; mso-ansi-language: FR; mso-fareast-language: EN-GB;\">Roumaine et fran\u00e7aise, amoureuse des mots, avec&nbsp;un cerveau scientifique et un grand besoin de transmission de mes savoir-faire et \u00eatre, maman de deux gar\u00e7ons de 6 et 10 ans, je souhaite r\u00e9pondre \u00e0 la&nbsp;curiosit\u00e9 des enfants et de d\u00e9velopper leur cr\u00e9ativit\u00e9 et connaissances via des ateliers ludiques d\u2019\u00e9lectronique.<\/span><\/p>\t\t\t\t\t\t<\/div>\n\t\t\t\t<\/div>\n\t\t\t\t<div class=\"elementor-element elementor-element-f316b4c elementor-widget elementor-widget-image\" data-id=\"f316b4c\" data-element_type=\"widget\" data-widget_type=\"image.default\">\n\t\t\t\t<div class=\"elementor-widget-container\">\n\t\t\t<style>\/*! elementor - v3.7.0 - 08-08-2022 *\/\n.elementor-widget-image{text-align:center}.elementor-widget-image a{display:inline-block}.elementor-widget-image a img[src$=\".svg\"]{width:48px}.elementor-widget-image img{vertical-align:middle;display:inline-block}<\/style>\t\t\t\t\t\t\t\t\t\t\t\t<img width=\"175\" height=\"175\" src=\"https:\/\/electronique-ludique.fr\/wp-content\/uploads\/2022\/11\/Photo_Ana_LinkedIn-1-175x175.jpg\" class=\"attachment-thumbnail size-thumbnail\" alt=\"\" loading=\"lazy\" srcset=\"https:\/\/electronique-ludique.fr\/wp-content\/uploads\/2022\/11\/Photo_Ana_LinkedIn-1-175x175.jpg 175w, https:\/\/electronique-ludique.fr\/wp-content\/uploads\/2022\/11\/Photo_Ana_LinkedIn-1-300x300.jpg 300w, https:\/\/electronique-ludique.fr\/wp-content\/uploads\/2022\/11\/Photo_Ana_LinkedIn-1-180x180.jpg 180w\" sizes=\"(max-width: 175px) 100vw, 175px\" \/>\t\t\t\t\t\t\t\t\t\t\t\t\t\t\t<\/div>\n\t\t\t\t<\/div>\n\t\t\t\t\t<\/div>\n\t\t<\/div>\n\t\t\t\t\t\t\t<\/div>\n\t\t<\/section>\n\t\t\t\t<section class=\"elementor-section elementor-top-section elementor-element elementor-element-70b1203 elementor-section-boxed elementor-section-height-default elementor-section-height-default\" data-id=\"70b1203\" data-element_type=\"section\" data-settings=\"{&quot;background_background&quot;:&quot;classic&quot;}\">\n\t\t\t\t\t\t<div class=\"elementor-container elementor-column-gap-default\">\n\t\t\t\t\t<div class=\"elementor-column elementor-col-100 elementor-top-column elementor-element elementor-element-0d756c3\" data-id=\"0d756c3\" data-element_type=\"column\">\n\t\t\t<div class=\"elementor-widget-wrap\">\n\t\t\t\t\t\t\t\t\t<\/div>\n\t\t<\/div>\n\t\t\t\t\t\t\t<\/div>\n\t\t<\/section>\n\t\t\t\t\t\t\t<\/div>\n\t\t","protected":false},"excerpt":{"rendered":"<p>Qui suis-je? Qui suis-je? \u201d Tu me dis, j\u2019oublie. Tu m\u2019enseignes, je me souviens. Tu m\u2019impliques, j\u2019apprends\u201d disait Benjamin Franklin Roumaine et fran\u00e7aise, amoureuse des mots, avec&nbsp;un cerveau scientifique et [&hellip;]<\/p>\n","protected":false},"author":1,"featured_media":0,"parent":0,"menu_order":0,"comment_status":"closed","ping_status":"closed","template":"","meta":{"om_disable_all_campaigns":false},"_links":{"self":[{"href":"https:\/\/electronique-ludique.fr\/index.php\/wp-json\/wp\/v2\/pages\/605"}],"collection":[{"href":"https:\/\/electronique-ludique.fr\/index.php\/wp-json\/wp\/v2\/pages"}],"about":[{"href":"https:\/\/electronique-ludique.fr\/index.php\/wp-json\/wp\/v2\/types\/page"}],"author":[{"embeddable":true,"href":"https:\/\/electronique-ludique.fr\/index.php\/wp-json\/wp\/v2\/users\/1"}],"replies":[{"embeddable":true,"href":"https:\/\/electronique-ludique.fr\/index.php\/wp-json\/wp\/v2\/comments?post=605"}],"version-history":[{"count":23,"href":"https:\/\/electronique-ludique.fr\/index.php\/wp-json\/wp\/v2\/pages\/605\/revisions"}],"predecessor-version":[{"id":1617,"href":"https:\/\/electronique-ludique.fr\/index.php\/wp-json\/wp\/v2\/pages\/605\/revisions\/1617"}],"wp:attachment":[{"href":"https:\/\/electronique-ludique.fr\/index.php\/wp-json\/wp\/v2\/media?parent=605"}],"curies":[{"name":"wp","href":"https:\/\/api.w.org\/{rel}","templated":true}]}}